{"id":766,"date":"2016-10-21T11:12:45","date_gmt":"2016-10-21T08:12:45","guid":{"rendered":"http:\/\/www.messukylantoverit.fi\/?page_id=766"},"modified":"2025-09-19T16:09:38","modified_gmt":"2025-09-19T13:09:38","slug":"d-tytot-2","status":"publish","type":"page","link":"http:\/\/www.messukylantoverit.fi\/?page_id=766","title":{"rendered":"D-tyt\u00f6t"},"content":{"rendered":"\n\n\n<p>MesTossa harjoittelee kaudella 2025-2026 D-tytt\u00f6jen lentopallojoukkue. Joukkue on tarkoitettu <span class=\"OYPEnA font-feature-liga-off font-feature-clig-off font-feature-calt-off text-decoration-none text-strikethrough-none\">2013-2014 syntyneille tyt\u00f6ille.<\/span><\/p>\n<p>Lis\u00e4tietoja saat Vilja Tammiselta, puh. 045 274 0661<\/p>\n<p><strong>Harjoitukset<\/strong><\/p>\n<ul>\n<li><span class=\"OYPEnA font-feature-liga-off font-feature-clig-off font-feature-calt-off text-decoration-none text-strikethrough-none\">Takahuhdin koulu (A-talo\/yl\u00e4koulu), maanantaisin klo 18.30 &#8211; 20.00.<\/span><\/li>\n<li>Takahuhdin koulu (B-talo\/alakoulu), perjantaisin 17:00 &#8211; 18:00<\/li>\n<li><span class=\"OYPEnA font-feature-liga-off font-feature-clig-off font-feature-calt-off text-decoration-none text-strikethrough-none\">Alkaen ma 18.8.2025.<\/span><\/li>\n<\/ul>\n<p>\u00a0<\/p>\n<p>Ryhm\u00e4 t\u00e4ll\u00e4 hetkell\u00e4 t\u00e4ynn\u00e4, tiedustelut suoraan valmentajalta (yhteystiedot yll\u00e4).<\/p>\n","protected":false},"excerpt":{"rendered":"<p>MesTossa harjoittelee kaudella 2025-2026 D-tytt\u00f6jen lentopallojoukkue. Joukkue on tarkoitettu 2013-2014 syntyneille tyt\u00f6ille. Lis\u00e4tietoja saat Vilja Tammiselta, puh. 045 274 0661 Harjoitukset Takahuhdin koulu (A-talo\/yl\u00e4koulu), maanantaisin klo 18.30 &#8211; 20.00. Takahuhdin koulu (B-talo\/alakoulu), perjantaisin 17:00 &#8211; 18:00 Alkaen ma 18.8.2025. \u00a0 Ryhm\u00e4 t\u00e4ll\u00e4 hetkell\u00e4 t\u00e4ynn\u00e4, tiedustelut suoraan valmentajalta (yhteystiedot yll\u00e4).<\/p>\n","protected":false},"author":4,"featured_media":0,"parent":0,"menu_order":0,"comment_status":"closed","ping_status":"closed","template":"","meta":{"footnotes":""},"class_list":["post-766","page","type-page","status-publish","hentry","column","twocol"],"_links":{"self":[{"href":"http:\/\/www.messukylantoverit.fi\/index.php?rest_route=\/wp\/v2\/pages\/766","targetHints":{"allow":["GET"]}}],"collection":[{"href":"http:\/\/www.messukylantoverit.fi\/index.php?rest_route=\/wp\/v2\/pages"}],"about":[{"href":"http:\/\/www.messukylantoverit.fi\/index.php?rest_route=\/wp\/v2\/types\/page"}],"author":[{"embeddable":true,"href":"http:\/\/www.messukylantoverit.fi\/index.php?rest_route=\/wp\/v2\/users\/4"}],"replies":[{"embeddable":true,"href":"http:\/\/www.messukylantoverit.fi\/index.php?rest_route=%2Fwp%2Fv2%2Fcomments&post=766"}],"version-history":[{"count":17,"href":"http:\/\/www.messukylantoverit.fi\/index.php?rest_route=\/wp\/v2\/pages\/766\/revisions"}],"predecessor-version":[{"id":1991,"href":"http:\/\/www.messukylantoverit.fi\/index.php?rest_route=\/wp\/v2\/pages\/766\/revisions\/1991"}],"wp:attachment":[{"href":"http:\/\/www.messukylantoverit.fi\/index.php?rest_route=%2Fwp%2Fv2%2Fmedia&parent=766"}],"curies":[{"name":"wp","href":"https:\/\/api.w.org\/{rel}","templated":true}]}}