{"id":738,"date":"2016-04-18T18:23:19","date_gmt":"2016-04-18T15:23:19","guid":{"rendered":"http:\/\/www.messukylantoverit.fi\/?page_id=738"},"modified":"2016-04-21T10:51:56","modified_gmt":"2016-04-21T07:51:56","slug":"tulokset-2016","status":"publish","type":"page","link":"http:\/\/www.messukylantoverit.fi\/?page_id=738","title":{"rendered":"Tulokset 2016"},"content":{"rendered":"<p><strong>Naisten A-sarja<\/strong><\/p>\n<p>1. Rientola<br \/>\n2. Er\u00e4 N1<br \/>\n3. Svobo<br \/>\n4. Kaarinan Ura<br \/>\n5. T\u00f6\u00f6l\u00f6n Vesa<br \/>\n6. Huki Jyv\u00e4skyl\u00e4<br \/>\n7. Isku-Veikot<br \/>\n8. BlueAngels<br \/>\n9. Nestehukka<br \/>\n10. Valfridin tyt\u00f6t<br \/>\n11. Team Maukas<br \/>\n12. SMJ<\/p>\n<p>Sarjan paras pelaaja: Anni Koivuniemi (Rientola)<br \/>\nYritteli\u00e4imm\u00e4t pelaajat: Eeva Koivuniemi (Rientola), Anna Kunttu (Er\u00e4 N1), Laura Kumpulainen (Svobo)<\/p>\n<p><strong>Naisten B-sarja<\/strong><\/p>\n<p>1. Kovettaret<br \/>\n2. Lielahden Kipin\u00e4<br \/>\n3. Yl\u00f6j\u00e4rven Pallo<br \/>\n4. Peli Naiset<br \/>\n5. Kanan Lento<br \/>\n6. Rientolan Muijat<br \/>\n7. T\u00f6ys\u00e4n Veto<br \/>\n8. Femmat<br \/>\n9. WOKn Volley<br \/>\n10. Keimolan Kaiku<br \/>\n11. Kouran Louhi<br \/>\n12. Lamminp\u00e4\u00e4n Korpi<br \/>\n13. Er\u00e4naiset 2<\/p>\n<p>Sarjan paras pelaaja: Hanna-Mari (KaLe)<\/p>\n<p>Yritteli\u00e4imm\u00e4t pelaajat: Safira Rytk\u00f6nen (Kovettaret), Heidi (LieKi), Kiia (Ypa), Sonya (Pelinaiset)<\/p>\n<p><strong>Miehet<\/strong><\/p>\n<p>1. Lemp\u00e4\u00e4l\u00e4n Jyry<br \/>\n2. SUM<br \/>\n3. PePa<br \/>\n4. Nalle<br \/>\n5. H\u00f6ntsy<br \/>\n6. Er\u00e4 ME<br \/>\n7. Er\u00e4ilij\u00e4t<br \/>\n8. SuperEr\u00e4<br \/>\n&#8211; Nurmo Volley<\/p>\n<p>Sarjan paras pelaaja: Tuomas Henttonen (Jyry)<\/p>\n<p>Yritteli\u00e4imm\u00e4t pelaajat: Riku Nissil\u00e4 (Jyry), Mikko Per\u00e4koski (SUM), Kai Ahovaara (PePa)<\/p>\n","protected":false},"excerpt":{"rendered":"<p>Naisten A-sarja 1. Rientola 2. Er\u00e4 N1 3. Svobo 4. Kaarinan Ura 5. T\u00f6\u00f6l\u00f6n Vesa 6. Huki Jyv\u00e4skyl\u00e4 7. Isku-Veikot 8. BlueAngels 9. Nestehukka 10. Valfridin tyt\u00f6t 11. Team Maukas 12. SMJ Sarjan paras pelaaja: Anni Koivuniemi (Rientola) Yritteli\u00e4imm\u00e4t pelaajat: Eeva Koivuniemi (Rientola), Anna Kunttu (Er\u00e4 N1), Laura Kumpulainen (Svobo) &#8230;<\/p>\n","protected":false},"author":1,"featured_media":0,"parent":44,"menu_order":0,"comment_status":"closed","ping_status":"closed","template":"","meta":{"footnotes":""},"class_list":["post-738","page","type-page","status-publish","hentry","column","twocol"],"_links":{"self":[{"href":"http:\/\/www.messukylantoverit.fi\/index.php?rest_route=\/wp\/v2\/pages\/738","targetHints":{"allow":["GET"]}}],"collection":[{"href":"http:\/\/www.messukylantoverit.fi\/index.php?rest_route=\/wp\/v2\/pages"}],"about":[{"href":"http:\/\/www.messukylantoverit.fi\/index.php?rest_route=\/wp\/v2\/types\/page"}],"author":[{"embeddable":true,"href":"http:\/\/www.messukylantoverit.fi\/index.php?rest_route=\/wp\/v2\/users\/1"}],"replies":[{"embeddable":true,"href":"http:\/\/www.messukylantoverit.fi\/index.php?rest_route=%2Fwp%2Fv2%2Fcomments&post=738"}],"version-history":[{"count":5,"href":"http:\/\/www.messukylantoverit.fi\/index.php?rest_route=\/wp\/v2\/pages\/738\/revisions"}],"predecessor-version":[{"id":747,"href":"http:\/\/www.messukylantoverit.fi\/index.php?rest_route=\/wp\/v2\/pages\/738\/revisions\/747"}],"up":[{"embeddable":true,"href":"http:\/\/www.messukylantoverit.fi\/index.php?rest_route=\/wp\/v2\/pages\/44"}],"wp:attachment":[{"href":"http:\/\/www.messukylantoverit.fi\/index.php?rest_route=%2Fwp%2Fv2%2Fmedia&parent=738"}],"curies":[{"name":"wp","href":"https:\/\/api.w.org\/{rel}","templated":true}]}}