{"id":70,"date":"2013-06-27T18:31:19","date_gmt":"2013-06-27T15:31:19","guid":{"rendered":"http:\/\/www.messukylantoverit.fi\/?page_id=70"},"modified":"2025-08-15T13:12:12","modified_gmt":"2025-08-15T10:12:12","slug":"yhteistyokumppaneille","status":"publish","type":"page","link":"http:\/\/www.messukylantoverit.fi\/?page_id=70","title":{"rendered":"Yhteisty\u00f6kumppaneille"},"content":{"rendered":"<p>MesTo eli perinteik\u00e4s Messukyl\u00e4n Toverit ry on Pirkanmaalla toimiva lentopalloseura.<\/p>\n<p>MesTo tekee tuloksellista juniority\u00f6t\u00e4 py\u00f6ritt\u00e4m\u00e4ll\u00e4 vuodesta toiseen harrastajiaan ja joukkueitaan minipalloilijoista kohti aikuisten sarjoja.<\/p>\n<h3>T\u00e4ss\u00e4 sinulle mahdollisuudet tukea toimintaamme kaudella 2025-2026<\/h3>\n<p><strong>Liittyminen Meston j\u00e4seneksi:<\/strong><br \/>\nHinta: alle 15 vuotiaat 20 \u20ac, yli 15 vuotiaat 30 \u20ac<br \/>\nTilinumero: FI92 1509 3007 2007 67<br \/>\nViite: 2150<\/p>\n<p>Mainitsethan viesti-kent\u00e4ss\u00e4 ainakin nimesi, osoitteesi ja syntym\u00e4aikasi.<\/p>\n","protected":false},"excerpt":{"rendered":"<p>MesTo eli perinteik\u00e4s Messukyl\u00e4n Toverit ry on Pirkanmaalla toimiva lentopalloseura. MesTo tekee tuloksellista juniority\u00f6t\u00e4 py\u00f6ritt\u00e4m\u00e4ll\u00e4 vuodesta toiseen harrastajiaan ja joukkueitaan minipalloilijoista kohti aikuisten sarjoja. T\u00e4ss\u00e4 sinulle mahdollisuudet tukea toimintaamme kaudella 2025-2026 Liittyminen Meston j\u00e4seneksi: Hinta: alle 15 vuotiaat 20 \u20ac, yli 15 vuotiaat 30 \u20ac Tilinumero: FI92 1509 3007 2007 &#8230;<\/p>\n","protected":false},"author":1,"featured_media":0,"parent":32,"menu_order":0,"comment_status":"closed","ping_status":"open","template":"","meta":{"footnotes":""},"class_list":["post-70","page","type-page","status-publish","hentry","column","twocol"],"_links":{"self":[{"href":"http:\/\/www.messukylantoverit.fi\/index.php?rest_route=\/wp\/v2\/pages\/70","targetHints":{"allow":["GET"]}}],"collection":[{"href":"http:\/\/www.messukylantoverit.fi\/index.php?rest_route=\/wp\/v2\/pages"}],"about":[{"href":"http:\/\/www.messukylantoverit.fi\/index.php?rest_route=\/wp\/v2\/types\/page"}],"author":[{"embeddable":true,"href":"http:\/\/www.messukylantoverit.fi\/index.php?rest_route=\/wp\/v2\/users\/1"}],"replies":[{"embeddable":true,"href":"http:\/\/www.messukylantoverit.fi\/index.php?rest_route=%2Fwp%2Fv2%2Fcomments&post=70"}],"version-history":[{"count":10,"href":"http:\/\/www.messukylantoverit.fi\/index.php?rest_route=\/wp\/v2\/pages\/70\/revisions"}],"predecessor-version":[{"id":1965,"href":"http:\/\/www.messukylantoverit.fi\/index.php?rest_route=\/wp\/v2\/pages\/70\/revisions\/1965"}],"up":[{"embeddable":true,"href":"http:\/\/www.messukylantoverit.fi\/index.php?rest_route=\/wp\/v2\/pages\/32"}],"wp:attachment":[{"href":"http:\/\/www.messukylantoverit.fi\/index.php?rest_route=%2Fwp%2Fv2%2Fmedia&parent=70"}],"curies":[{"name":"wp","href":"https:\/\/api.w.org\/{rel}","templated":true}]}}