{"id":67,"date":"2013-06-27T18:29:37","date_gmt":"2013-06-27T15:29:37","guid":{"rendered":"http:\/\/www.messukylantoverit.fi\/?page_id=67"},"modified":"2025-08-15T13:24:54","modified_gmt":"2025-08-15T10:24:54","slug":"junioreille","status":"publish","type":"page","link":"http:\/\/www.messukylantoverit.fi\/?page_id=67","title":{"rendered":"Junioreille"},"content":{"rendered":"<h3>TULISIKO MINUSTA ISONA LENTOPALLOILIJA?<\/h3>\n<p>Lentopallo on yksi maailman harrastetuimmista urheilulajeista \u2013 sit\u00e4 pelataan kaikilla mantereilla ja kaikenik\u00e4isten toimesta. Se on vauhdikas, monipuolinen ja taktinen laji, joka kehitt\u00e4\u00e4 sek\u00e4 fyysisi\u00e4 taitoja ett\u00e4 yhteisty\u00f6kyky\u00e4.<\/p>\n<p>Aluksi laji voi tuntua haastavalta, mutta kun perusasiat on opittu, lentopallo vie helposti mukanaan. Miljoonat pelaajat ymp\u00e4ri maailmaa nauttivat lentopallosta harrastuksena, ja monille se tarjoaa elinik\u00e4isi\u00e4 yst\u00e4vyyssuhteita ja ikimuistoisia kokemuksia. Osa pelaajista etenee my\u00f6s ammattilaiskentille, joissa lentopallo voi tarjota toimeentulon ja mahdollisuuden matkustaa ymp\u00e4ri maailmaa.<\/p>\n<p><strong>MesTossa<\/strong> kaikki ovat yht\u00e4 mielt\u00e4 siit\u00e4, ett\u00e4 ilman lentopalloa el\u00e4m\u00e4 olisi paljon tylsemp\u00e4\u00e4. Seurassamme pelaa sek\u00e4 tytt\u00f6j\u00e4 ett\u00e4 poikia, ja mukana on niin kilpailullisesti pelaavia joukkueita kuin harrastajia, jotka treenaavat omaksi ilokseen. Joukkueet osallistuvat turnauksiin, sarjaotteluihin ja leireille \u2013 ja viett\u00e4v\u00e4t paljon aikaa yhdess\u00e4 niin kent\u00e4ll\u00e4 kuin sen ulkopuolellakin.<\/p>\n<p>\u00c4l\u00e4 mieti liikaa, tuleeko sinusta isona huippulentopalloilija \u2013 t\u00e4rkeint\u00e4 on, ett\u00e4 p\u00e4\u00e4set kokeilemaan, oppimaan ja nauttimaan pelaamisesta. Jos intoa ja harjoittelumotivaatiota riitt\u00e4\u00e4, mahdollisuuksia on vaikka mihin! MesTo tarjoaa kaikille nuorille turvallisen ja kannustavan ymp\u00e4rist\u00f6n kehitty\u00e4 pelaajana ja joukkueen j\u00e4senen\u00e4.<\/p>\n<p style=\"text-align: justify;\">\n","protected":false},"excerpt":{"rendered":"<p>TULISIKO MINUSTA ISONA LENTOPALLOILIJA? Lentopallo on yksi maailman harrastetuimmista urheilulajeista \u2013 sit\u00e4 pelataan kaikilla mantereilla ja kaikenik\u00e4isten toimesta. Se on vauhdikas, monipuolinen ja taktinen laji, joka kehitt\u00e4\u00e4 sek\u00e4 fyysisi\u00e4 taitoja ett\u00e4 yhteisty\u00f6kyky\u00e4. Aluksi laji voi tuntua haastavalta, mutta kun perusasiat on opittu, lentopallo vie helposti mukanaan. Miljoonat pelaajat ymp\u00e4ri maailmaa &#8230;<\/p>\n","protected":false},"author":1,"featured_media":0,"parent":32,"menu_order":0,"comment_status":"closed","ping_status":"open","template":"","meta":{"footnotes":""},"class_list":["post-67","page","type-page","status-publish","hentry","column","twocol"],"_links":{"self":[{"href":"http:\/\/www.messukylantoverit.fi\/index.php?rest_route=\/wp\/v2\/pages\/67","targetHints":{"allow":["GET"]}}],"collection":[{"href":"http:\/\/www.messukylantoverit.fi\/index.php?rest_route=\/wp\/v2\/pages"}],"about":[{"href":"http:\/\/www.messukylantoverit.fi\/index.php?rest_route=\/wp\/v2\/types\/page"}],"author":[{"embeddable":true,"href":"http:\/\/www.messukylantoverit.fi\/index.php?rest_route=\/wp\/v2\/users\/1"}],"replies":[{"embeddable":true,"href":"http:\/\/www.messukylantoverit.fi\/index.php?rest_route=%2Fwp%2Fv2%2Fcomments&post=67"}],"version-history":[{"count":7,"href":"http:\/\/www.messukylantoverit.fi\/index.php?rest_route=\/wp\/v2\/pages\/67\/revisions"}],"predecessor-version":[{"id":1969,"href":"http:\/\/www.messukylantoverit.fi\/index.php?rest_route=\/wp\/v2\/pages\/67\/revisions\/1969"}],"up":[{"embeddable":true,"href":"http:\/\/www.messukylantoverit.fi\/index.php?rest_route=\/wp\/v2\/pages\/32"}],"wp:attachment":[{"href":"http:\/\/www.messukylantoverit.fi\/index.php?rest_route=%2Fwp%2Fv2%2Fmedia&parent=67"}],"curies":[{"name":"wp","href":"https:\/\/api.w.org\/{rel}","templated":true}]}}