{"id":470,"date":"2014-12-04T11:21:11","date_gmt":"2014-12-04T09:21:11","guid":{"rendered":"http:\/\/www.messukylantoverit.fi\/?page_id=470"},"modified":"2022-04-25T08:14:42","modified_gmt":"2022-04-25T05:14:42","slug":"etusivu","status":"publish","type":"page","link":"http:\/\/www.messukylantoverit.fi\/","title":{"rendered":"Etusivu"},"content":{"rendered":"\n<style type=\"text\/css\">.easingslider-643 { max-width: 700px; }.easingslider-643 .easingslider-image { max-height: 400px; max-width: 700px; }.easingslider-643 .easingslider-fade-in, .easingslider-fade-out { -webkit-animation-duration: 800ms; -moz-animation-duration: 800ms; animation-duration: 800ms; }<\/style><script type=\"text\/javascript\">window.EasingSlider643 = {\"width\":700,\"height\":400,\"singleItem\":true,\"items\":1,\"itemsDesktop\":false,\"itemsDesktopSmall\":false,\"itemsTablet\":false,\"itemsTabletSmall\":false,\"itemsMobile\":false,\"responsive\":true,\"lazyLoad\":true,\"autoPlay\":4000,\"slideSpeed\":800,\"navigation\":false,\"navigationText\":[\"\",\"\"],\"pagination\":true,\"autoHeight\":false,\"mouseDrag\":false,\"touchDrag\":false,\"addClassActive\":true,\"transitionStyle\":\"fade\"};<\/script><div data-id=\"643\" class=\"easingslider easingslider-643 easingslider-container easingslider-resizing-enabled easingslider-aspect-ratio easingslider-pagination-inside easingslider-pagination-bottom-center\"><div class=\"easingslider-slide\"><a href=\"none\" target=\"\"><img decoding=\"async\" src=\"http:\/\/www.messukylantoverit.fi\/wp-content\/plugins\/easing-slider\/assets\/images\/placeholder-pixel.png\" data-src=\"http:\/\/www.messukylantoverit.fi\/wp-content\/uploads\/2017\/01\/DSC_000001-700x400.jpg\" alt=\"\" title=\"\" class=\"easingslider-image easingslider-lazy\" \/><\/a><\/div><div class=\"easingslider-slide\"><a href=\"none\" target=\"\"><img decoding=\"async\" src=\"http:\/\/www.messukylantoverit.fi\/wp-content\/plugins\/easing-slider\/assets\/images\/placeholder-pixel.png\" data-src=\"http:\/\/www.messukylantoverit.fi\/wp-content\/uploads\/2017\/01\/DSC_0000012-700x400.jpg\" alt=\"\" title=\"\" class=\"easingslider-image easingslider-lazy\" \/><\/a><\/div><div class=\"easingslider-slide\"><a href=\"none\" target=\"\"><img decoding=\"async\" src=\"http:\/\/www.messukylantoverit.fi\/wp-content\/plugins\/easing-slider\/assets\/images\/placeholder-pixel.png\" data-src=\"http:\/\/www.messukylantoverit.fi\/wp-content\/uploads\/2017\/01\/IMG_1936-700x400.jpg\" alt=\"\" title=\"\" class=\"easingslider-image easingslider-lazy\" \/><\/a><\/div><div class=\"easingslider-slide\"><a href=\"none\" target=\"\"><img decoding=\"async\" src=\"http:\/\/www.messukylantoverit.fi\/wp-content\/plugins\/easing-slider\/assets\/images\/placeholder-pixel.png\" data-src=\"http:\/\/www.messukylantoverit.fi\/wp-content\/uploads\/2017\/01\/IMG-20161204-WA0007-700x400.jpg\" alt=\"\" title=\"\" class=\"easingslider-image easingslider-lazy\" \/><\/a><\/div><div class=\"easingslider-slide\"><a href=\"none\" target=\"\"><img decoding=\"async\" src=\"http:\/\/www.messukylantoverit.fi\/wp-content\/plugins\/easing-slider\/assets\/images\/placeholder-pixel.png\" data-src=\"http:\/\/www.messukylantoverit.fi\/wp-content\/uploads\/2017\/01\/20161204_205248-700x400.jpg\" alt=\"\" title=\"\" class=\"easingslider-image easingslider-lazy\" \/><\/a><\/div><\/div>\n<p><strong>Messukyl\u00e4n Toverit on perinteik\u00e4s tamperelainen urheiluseura. Perinteet jatkuvat pitk\u00e4lle ja vuonna 2015 seuramme t\u00e4ytti\u00a0kunnioitettavat 100 vuotta!<br \/><\/strong><\/p>\n<p style=\"text-align: justify;\">Mik\u00e4li olet kiinnostunut lasten ja nuorten lentopallosta, ota yhteytt\u00e4 niin kerromme lis\u00e4\u00e4. Kev\u00e4isin j\u00e4rjest\u00e4mme lentopallon MesTo-turnauksen, joka ker\u00e4\u00e4 harrastelijajoukkueita ymp\u00e4ri Suomen. Ker\u00e4\u00e4 joukkue ja ilmoittaudu mukaan!<\/p>\n<p>Tiedustelut: toimisto (\u00e4t) messukylantoverit.fi<\/p>\n<p>Seuraa meit\u00e4 nyt my\u00f6s <a href=\"https:\/\/www.instagram.com\/messukylantoverit\/\">Instagramissa<\/a> ja\u00a0<a href=\"https:\/\/www.facebook.com\/messukylantoverit\" target=\"_blank\" rel=\"noopener noreferrer\">Facebookissa<\/a>!<\/p>\n","protected":false},"excerpt":{"rendered":"<p>Messukyl\u00e4n Toverit on perinteik\u00e4s tamperelainen urheiluseura. Perinteet jatkuvat pitk\u00e4lle ja vuonna 2015 seuramme t\u00e4ytti\u00a0kunnioitettavat 100 vuotta! Mik\u00e4li olet kiinnostunut lasten ja nuorten lentopallosta, ota yhteytt\u00e4 niin kerromme lis\u00e4\u00e4. Kev\u00e4isin j\u00e4rjest\u00e4mme lentopallon MesTo-turnauksen, joka ker\u00e4\u00e4 harrastelijajoukkueita ymp\u00e4ri Suomen. Ker\u00e4\u00e4 joukkue ja ilmoittaudu mukaan! Tiedustelut: toimisto (\u00e4t) messukylantoverit.fi Seuraa meit\u00e4 nyt my\u00f6s &#8230;<\/p>\n","protected":false},"author":1,"featured_media":0,"parent":0,"menu_order":0,"comment_status":"closed","ping_status":"open","template":"","meta":{"footnotes":""},"class_list":["post-470","page","type-page","status-publish","hentry","column","twocol"],"_links":{"self":[{"href":"http:\/\/www.messukylantoverit.fi\/index.php?rest_route=\/wp\/v2\/pages\/470","targetHints":{"allow":["GET"]}}],"collection":[{"href":"http:\/\/www.messukylantoverit.fi\/index.php?rest_route=\/wp\/v2\/pages"}],"about":[{"href":"http:\/\/www.messukylantoverit.fi\/index.php?rest_route=\/wp\/v2\/types\/page"}],"author":[{"embeddable":true,"href":"http:\/\/www.messukylantoverit.fi\/index.php?rest_route=\/wp\/v2\/users\/1"}],"replies":[{"embeddable":true,"href":"http:\/\/www.messukylantoverit.fi\/index.php?rest_route=%2Fwp%2Fv2%2Fcomments&post=470"}],"version-history":[{"count":39,"href":"http:\/\/www.messukylantoverit.fi\/index.php?rest_route=\/wp\/v2\/pages\/470\/revisions"}],"predecessor-version":[{"id":1833,"href":"http:\/\/www.messukylantoverit.fi\/index.php?rest_route=\/wp\/v2\/pages\/470\/revisions\/1833"}],"wp:attachment":[{"href":"http:\/\/www.messukylantoverit.fi\/index.php?rest_route=%2Fwp%2Fv2%2Fmedia&parent=470"}],"curies":[{"name":"wp","href":"https:\/\/api.w.org\/{rel}","templated":true}]}}