{"id":38,"date":"2013-06-25T15:23:32","date_gmt":"2013-06-25T12:23:32","guid":{"rendered":"http:\/\/www.messukylantoverit.fi\/?page_id=38"},"modified":"2025-08-14T15:25:55","modified_gmt":"2025-08-14T12:25:55","slug":"yhteystiedot","status":"publish","type":"page","link":"http:\/\/www.messukylantoverit.fi\/?page_id=38","title":{"rendered":"Yhteystiedot"},"content":{"rendered":"\n<p><a href=\"http:\/\/www.messukylantoverit.fi\/wp-content\/uploads\/2013\/10\/kotisali.jpg\"><img loading=\"lazy\" decoding=\"async\" class=\"alignnone size-full wp-image-215\" src=\"http:\/\/www.messukylantoverit.fi\/wp-content\/uploads\/2013\/10\/kotisali.jpg\" alt=\"kotisali\" width=\"640\" height=\"480\" srcset=\"http:\/\/www.messukylantoverit.fi\/wp-content\/uploads\/2013\/10\/kotisali.jpg 640w, http:\/\/www.messukylantoverit.fi\/wp-content\/uploads\/2013\/10\/kotisali-300x225.jpg 300w\" sizes=\"auto, (max-width: 640px) 100vw, 640px\" \/><\/a><\/p>\n<p>Messukyl\u00e4n Ty\u00f6v\u00e4en Voimistelu ja Urheiluseura Toverit ry<br>Messukyl\u00e4nkatu 47<br>33700 TAMPERE<\/p>\n<p>Y-tunnus 0211705-0<\/p>\n<p>Pelaajaksi MesToon? Ota yhteytt\u00e4! Meill\u00e4 on joukkueita 2009 syntyneille ja siit\u00e4 nuoremmille, aina 2018 syntyneisiin. Tiedustelut: Johanna Siuro, toimisto@messukylantoverit.fi, 0405932080.<\/p>\n<p><strong>Hallituksen puheenjohtaja<\/strong><br>Olli Lindroos, puh. 0500 900 563<\/p>\n","protected":false},"excerpt":{"rendered":"<p>Messukyl\u00e4n Ty\u00f6v\u00e4en Voimistelu ja Urheiluseura Toverit ryMessukyl\u00e4nkatu 4733700 TAMPERE Y-tunnus 0211705-0 Pelaajaksi MesToon? Ota yhteytt\u00e4! Meill\u00e4 on joukkueita 2009 syntyneille ja siit\u00e4 nuoremmille, aina 2018 syntyneisiin. Tiedustelut: Johanna Siuro, toimisto@messukylantoverit.fi, 0405932080. Hallituksen puheenjohtajaOlli Lindroos, puh. 0500 900 563<\/p>\n","protected":false},"author":1,"featured_media":0,"parent":0,"menu_order":0,"comment_status":"closed","ping_status":"open","template":"","meta":{"footnotes":""},"class_list":["post-38","page","type-page","status-publish","hentry","column","twocol"],"_links":{"self":[{"href":"http:\/\/www.messukylantoverit.fi\/index.php?rest_route=\/wp\/v2\/pages\/38","targetHints":{"allow":["GET"]}}],"collection":[{"href":"http:\/\/www.messukylantoverit.fi\/index.php?rest_route=\/wp\/v2\/pages"}],"about":[{"href":"http:\/\/www.messukylantoverit.fi\/index.php?rest_route=\/wp\/v2\/types\/page"}],"author":[{"embeddable":true,"href":"http:\/\/www.messukylantoverit.fi\/index.php?rest_route=\/wp\/v2\/users\/1"}],"replies":[{"embeddable":true,"href":"http:\/\/www.messukylantoverit.fi\/index.php?rest_route=%2Fwp%2Fv2%2Fcomments&post=38"}],"version-history":[{"count":32,"href":"http:\/\/www.messukylantoverit.fi\/index.php?rest_route=\/wp\/v2\/pages\/38\/revisions"}],"predecessor-version":[{"id":1952,"href":"http:\/\/www.messukylantoverit.fi\/index.php?rest_route=\/wp\/v2\/pages\/38\/revisions\/1952"}],"wp:attachment":[{"href":"http:\/\/www.messukylantoverit.fi\/index.php?rest_route=%2Fwp%2Fv2%2Fmedia&parent=38"}],"curies":[{"name":"wp","href":"https:\/\/api.w.org\/{rel}","templated":true}]}}