{"id":358,"date":"2014-04-26T20:56:33","date_gmt":"2014-04-26T17:56:33","guid":{"rendered":"http:\/\/www.messukylantoverit.fi\/?page_id=358"},"modified":"2014-04-28T10:08:34","modified_gmt":"2014-04-28T07:08:34","slug":"tulokset-2014","status":"publish","type":"page","link":"http:\/\/www.messukylantoverit.fi\/?page_id=358","title":{"rendered":"Tulokset 2014"},"content":{"rendered":"<p><strong>Miehet<\/strong><\/p>\n<p>1. SUM<br \/>\n2. PePa<br \/>\n3. AitRi<br \/>\n4. Nalle Volley<br \/>\n5. Ryysyranta<br \/>\n6. Er\u00e4 ME<br \/>\n7. MOU<br \/>\n8. Er\u00e4 M7<br \/>\n9. LaKo<br \/>\n10. Ker\u00e4ily Er\u00e4<br \/>\n11. Smash<br \/>\n12. Er\u00e4 M4<br \/>\n13. Nurmo Volley<\/p>\n<p><strong>Naiset B<\/strong><\/p>\n<p>1. Valpas (yritteli\u00e4in pelaaja Inka Uusitalo)<br \/>\n2. WOK&#8217;in (yritteli\u00e4in pelaaja Anna-Riina Kannasoja)<br \/>\n3. Zekit (yritteli\u00e4in pelaaja Sari Petterson)<br \/>\n4. LieKi<br \/>\n5. KaLe<br \/>\n6. Pyryt<br \/>\n7. T\u00f6Ve<br \/>\n8. LaKo<br \/>\n9. KoLo<br \/>\n10. Retrot<br \/>\n11. ParkU<br \/>\n12. Er\u00e4 N4<\/p>\n<p>Sarjan paras pelaaja Amanda Ojala, Valpas<\/p>\n<p><strong>Naiset A<\/strong><\/p>\n<p>1. Svobo (Anne Pennanen)<br \/>\n2. Supisiat (Essi Huhtanen)<br \/>\n3. Kuraa porukkaa (Jenna Heinonen)<br \/>\n4. T\u00f6\u00f6l\u00f6n Vesa<br \/>\n5. Tapanilan Er\u00e4 N1<br \/>\n6. Kiri 60<br \/>\n7. Janet<br \/>\n8. VanLe<br \/>\n9. Er\u00e4n Fresco<\/p>\n<p>Sarjan paras pelaaja Outi Munnukka, Supisiat<\/p>\n","protected":false},"excerpt":{"rendered":"<p>Miehet 1. SUM 2. PePa 3. AitRi 4. Nalle Volley 5. Ryysyranta 6. Er\u00e4 ME 7. MOU 8. Er\u00e4 M7 9. LaKo 10. Ker\u00e4ily Er\u00e4 11. Smash 12. Er\u00e4 M4 13. Nurmo Volley Naiset B 1. Valpas (yritteli\u00e4in pelaaja Inka Uusitalo) 2. WOK&#8217;in (yritteli\u00e4in pelaaja Anna-Riina Kannasoja) 3. Zekit (yritteli\u00e4in &#8230;<\/p>\n","protected":false},"author":3,"featured_media":0,"parent":44,"menu_order":0,"comment_status":"closed","ping_status":"open","template":"","meta":{"footnotes":""},"class_list":["post-358","page","type-page","status-publish","hentry","column","twocol"],"_links":{"self":[{"href":"http:\/\/www.messukylantoverit.fi\/index.php?rest_route=\/wp\/v2\/pages\/358","targetHints":{"allow":["GET"]}}],"collection":[{"href":"http:\/\/www.messukylantoverit.fi\/index.php?rest_route=\/wp\/v2\/pages"}],"about":[{"href":"http:\/\/www.messukylantoverit.fi\/index.php?rest_route=\/wp\/v2\/types\/page"}],"author":[{"embeddable":true,"href":"http:\/\/www.messukylantoverit.fi\/index.php?rest_route=\/wp\/v2\/users\/3"}],"replies":[{"embeddable":true,"href":"http:\/\/www.messukylantoverit.fi\/index.php?rest_route=%2Fwp%2Fv2%2Fcomments&post=358"}],"version-history":[{"count":8,"href":"http:\/\/www.messukylantoverit.fi\/index.php?rest_route=\/wp\/v2\/pages\/358\/revisions"}],"predecessor-version":[{"id":368,"href":"http:\/\/www.messukylantoverit.fi\/index.php?rest_route=\/wp\/v2\/pages\/358\/revisions\/368"}],"up":[{"embeddable":true,"href":"http:\/\/www.messukylantoverit.fi\/index.php?rest_route=\/wp\/v2\/pages\/44"}],"wp:attachment":[{"href":"http:\/\/www.messukylantoverit.fi\/index.php?rest_route=%2Fwp%2Fv2%2Fmedia&parent=358"}],"curies":[{"name":"wp","href":"https:\/\/api.w.org\/{rel}","templated":true}]}}