{"id":32,"date":"2013-06-25T15:21:09","date_gmt":"2013-06-25T12:21:09","guid":{"rendered":"http:\/\/www.messukylantoverit.fi\/?page_id=32"},"modified":"2025-08-18T09:04:18","modified_gmt":"2025-08-18T06:04:18","slug":"info","status":"publish","type":"page","link":"http:\/\/www.messukylantoverit.fi\/?page_id=32","title":{"rendered":"Mestoinfo"},"content":{"rendered":"<p><strong>Messukyl\u00e4n Toverit ry<\/strong>, tuttavallisemmin <em>MesTo<\/em>, on vuonna 1915 perustettu tamperelainen urheiluseura, jonka tunnetuin ja menestynein laji on lentopallo. Seura on erityisen vahva junioritoiminnassa, ja sen pelaajat ovat saavuttaneet runsaasti menestyst\u00e4 eri ik\u00e4luokissa vuosien varrella.<\/p>\n<p><strong>MesTon tarina on pitk\u00e4 ja monipuolinen<\/strong> \u2013 seurassa on vuosikymmenten aikana n\u00e4hty tuhansia pelaajia, lukemattomia turnauksia ja unohtumattomia hetki\u00e4.<\/p>\n<h3>URHEILUSEURASSA ON VOIMAA<\/h3>\n<p style=\"text-align: justify;\">MesTossa uskotaan perinteiseen seuratoimintaan: pitk\u00e4j\u00e4nteiseen harjoitteluun, yhteis\u00f6llisyyteen ja mahdollisuuksiin jokaiselle pelaajalle. Seura tarjoaa harrastajalle turvallisen ja kannustavan ymp\u00e4rist\u00f6n \u2013 olipa tavoitteena pelata omaksi iloksi, kehitty\u00e4 huippupelaajaksi tai tavoitella ammattilaisuraa.<\/p>\n<p><a href=\"http:\/\/www.messukylantoverit.fi\/wp-content\/uploads\/2018\/08\/mesto_tietosuojaseloste.pdf\">mesto_tietosuojaseloste.pdf<\/a><\/p>\n","protected":false},"excerpt":{"rendered":"<p>Messukyl\u00e4n Toverit ry, tuttavallisemmin MesTo, on vuonna 1915 perustettu tamperelainen urheiluseura, jonka tunnetuin ja menestynein laji on lentopallo. Seura on erityisen vahva junioritoiminnassa, ja sen pelaajat ovat saavuttaneet runsaasti menestyst\u00e4 eri ik\u00e4luokissa vuosien varrella. MesTon tarina on pitk\u00e4 ja monipuolinen \u2013 seurassa on vuosikymmenten aikana n\u00e4hty tuhansia pelaajia, lukemattomia turnauksia &#8230;<\/p>\n","protected":false},"author":1,"featured_media":0,"parent":0,"menu_order":0,"comment_status":"closed","ping_status":"open","template":"","meta":{"footnotes":""},"class_list":["post-32","page","type-page","status-publish","hentry","column","twocol"],"_links":{"self":[{"href":"http:\/\/www.messukylantoverit.fi\/index.php?rest_route=\/wp\/v2\/pages\/32","targetHints":{"allow":["GET"]}}],"collection":[{"href":"http:\/\/www.messukylantoverit.fi\/index.php?rest_route=\/wp\/v2\/pages"}],"about":[{"href":"http:\/\/www.messukylantoverit.fi\/index.php?rest_route=\/wp\/v2\/types\/page"}],"author":[{"embeddable":true,"href":"http:\/\/www.messukylantoverit.fi\/index.php?rest_route=\/wp\/v2\/users\/1"}],"replies":[{"embeddable":true,"href":"http:\/\/www.messukylantoverit.fi\/index.php?rest_route=%2Fwp%2Fv2%2Fcomments&post=32"}],"version-history":[{"count":21,"href":"http:\/\/www.messukylantoverit.fi\/index.php?rest_route=\/wp\/v2\/pages\/32\/revisions"}],"predecessor-version":[{"id":1989,"href":"http:\/\/www.messukylantoverit.fi\/index.php?rest_route=\/wp\/v2\/pages\/32\/revisions\/1989"}],"wp:attachment":[{"href":"http:\/\/www.messukylantoverit.fi\/index.php?rest_route=%2Fwp%2Fv2%2Fmedia&parent=32"}],"curies":[{"name":"wp","href":"https:\/\/api.w.org\/{rel}","templated":true}]}}