{"id":2011,"date":"2026-01-28T17:28:56","date_gmt":"2026-01-28T15:28:56","guid":{"rendered":"https:\/\/www.messukylantoverit.fi\/?page_id=2011"},"modified":"2026-04-08T21:50:36","modified_gmt":"2026-04-08T18:50:36","slug":"ilmoittautuneet-2026","status":"publish","type":"page","link":"http:\/\/www.messukylantoverit.fi\/?page_id=2011","title":{"rendered":"Ilmoittautuneet 2026"},"content":{"rendered":"\n<p>T\u00e4lle sivulle kootaan MesTo-turnauksen ilmoittautuneet joukkueet.<\/p>\n<p>\u00a0<\/p>\n<p><strong>Naiset A (max 10 joukkuetta)<\/strong><\/p>\n<p>AitRi<\/p>\n<p>Lahjattomat (treenaa)<\/p>\n<p>Siskot yms<\/p>\n<p>Posset<\/p>\n<p>\u00a0<\/p>\n<p><strong>Naiset B (max 15 joukkuetta)<\/strong><\/p>\n<p>PalloP\u00f6ll\u00f6t<\/p>\n<p>Team Revanssi<\/p>\n<p>#teamvalittajat<\/p>\n<p>Team Takak\u00e4si<\/p>\n<p>MesTo<\/p>\n<p>TE-volley<\/p>\n<p>Er\u00e4 Tempo<\/p>\n<p>Pannaan harkintaan<\/p>\n<p>Hymy<\/p>\n<p>Janet<\/p>\n<p>Er\u00e4\u00e4t naiset<\/p>\n<p>H\u00f6p\u00f6nassut<\/p>\n<p>PeeKoo<\/p>\n<p>TTLK<\/p>\n<p>Riemu<\/p>\n<p>\u00a0<\/p>\n<p><strong>Miehet (max 15 joukkuetta)<\/strong><\/p>\n<p>Marabello<\/p>\n<p>Er\u00e4 M1<\/p>\n<p>ESAD<\/p>\n<p>Smash<\/p>\n<p>Junnut<\/p>\n<p>Teuvan Rivakka<\/p>\n<p>Tapanilan Er\u00e4 \u00c4ij\u00e4t<\/p>\n<p>RKC-Volley<\/p>\n\n\n\n\n\n<p>\u00a0<\/p>\n<p>\u00a0<\/p>\n<p style=\"text-align: right;\">P\u00e4ivitetty 8.4.2026<\/p>\n\n\n\n\n\n\n\n\n\n\n\n\n\n\n\n\n\n\n","protected":false},"excerpt":{"rendered":"<p>T\u00e4lle sivulle kootaan MesTo-turnauksen ilmoittautuneet joukkueet. \u00a0 Naiset A (max 10 joukkuetta) AitRi Lahjattomat (treenaa) Siskot yms Posset \u00a0 Naiset B (max 15 joukkuetta) PalloP\u00f6ll\u00f6t Team Revanssi #teamvalittajat Team Takak\u00e4si MesTo TE-volley Er\u00e4 Tempo Pannaan harkintaan Hymy Janet Er\u00e4\u00e4t naiset H\u00f6p\u00f6nassut PeeKoo TTLK Riemu \u00a0 Miehet (max 15 joukkuetta) Marabello &#8230;<\/p>\n","protected":false},"author":1,"featured_media":0,"parent":0,"menu_order":0,"comment_status":"closed","ping_status":"closed","template":"","meta":{"footnotes":""},"class_list":["post-2011","page","type-page","status-publish","hentry","column","twocol"],"_links":{"self":[{"href":"http:\/\/www.messukylantoverit.fi\/index.php?rest_route=\/wp\/v2\/pages\/2011","targetHints":{"allow":["GET"]}}],"collection":[{"href":"http:\/\/www.messukylantoverit.fi\/index.php?rest_route=\/wp\/v2\/pages"}],"about":[{"href":"http:\/\/www.messukylantoverit.fi\/index.php?rest_route=\/wp\/v2\/types\/page"}],"author":[{"embeddable":true,"href":"http:\/\/www.messukylantoverit.fi\/index.php?rest_route=\/wp\/v2\/users\/1"}],"replies":[{"embeddable":true,"href":"http:\/\/www.messukylantoverit.fi\/index.php?rest_route=%2Fwp%2Fv2%2Fcomments&post=2011"}],"version-history":[{"count":22,"href":"http:\/\/www.messukylantoverit.fi\/index.php?rest_route=\/wp\/v2\/pages\/2011\/revisions"}],"predecessor-version":[{"id":2058,"href":"http:\/\/www.messukylantoverit.fi\/index.php?rest_route=\/wp\/v2\/pages\/2011\/revisions\/2058"}],"wp:attachment":[{"href":"http:\/\/www.messukylantoverit.fi\/index.php?rest_route=%2Fwp%2Fv2%2Fmedia&parent=2011"}],"curies":[{"name":"wp","href":"https:\/\/api.w.org\/{rel}","templated":true}]}}