{"id":2005,"date":"2026-01-10T17:11:46","date_gmt":"2026-01-10T15:11:46","guid":{"rendered":"https:\/\/www.messukylantoverit.fi\/?page_id=2005"},"modified":"2026-04-13T20:53:39","modified_gmt":"2026-04-13T17:53:39","slug":"turnausinfo-2026","status":"publish","type":"page","link":"http:\/\/www.messukylantoverit.fi\/?page_id=2005","title":{"rendered":"Turnausinfo 2026"},"content":{"rendered":"\n<p style=\"font-weight: 400;\"><strong>40. MesTo-turnaus j\u00e4rjestet\u00e4\u00e4n Tampereella 25.-26.4.2026<\/strong><\/p>\n<p><a href=\"https:\/\/tulospalvelu.sevenbeach.fi\/mesto-2026\/mesto-2026\/\" target=\"_blank\" rel=\"noopener\"><span style=\"color: #ff0000;\"><strong>OTTELUOHJELMA<\/strong><\/span><\/a>\u00a0<\/p>\n<p style=\"font-weight: 400;\"><strong>Sarjat:<\/strong><br \/>Naiset B (sarjataso AM, kuntosarjat), max 15 joukkuetta\u00a0<br \/>Naiset A (sarjataso 2-3 sarjat), max 10 joukkuetta<br \/>Miehet (sarjataso 3-AM), max 15 joukkuetta<\/p>\n<p style=\"font-weight: 400;\"><strong>Pelipaikat:<\/strong><br \/>Sarjojen pelipaikat vahvistetaan otteluohjelmien julkaisun yhteydess\u00e4! Otteluohjelmat pyrit\u00e4\u00e4n julkaisemaan n. 1,5 viikkoa ennen turnausta. Pelipaikat sijaitsevat Tampereen alueella esim. Hervanta, Kaleva, Kaukaj\u00e4rvi. Seura varaa oikeuden muutoksiin.<\/p>\n<p style=\"font-weight: 400;\"><strong>Mit\u00e4 maksaa:<\/strong><br \/>155e per joukkue, kun joukkue ilmoittautuu ja maksaa ilmoittautumisen <strong>viimeist\u00e4\u00e4n 15.3.2026<\/strong>.<\/p>\n<p style=\"font-weight: 400;\">180e per joukkue, kun joukkue ilmoittautuu ja maksaa ilmoittautumisen <strong>aikav\u00e4lill\u00e4 16.3.-8.4.2026.<\/strong><\/p>\n<p style=\"font-weight: 400;\">Kohonneiden salivuorokustannusten vuoksi emme en\u00e4\u00e4 pysty tarjoamaan alennusta useammasta saman seuran joukkueesta. Ilmoittautuminen on sitova, peruutuksista veloitamme 50 euroa. Jos peruutus tapahtuu 8.4. j\u00e4lkeen, veloitamme koko ilmoittautumismaksun.<\/p>\n<p style=\"font-weight: 400;\"><strong>Maksutiedot:<\/strong><br \/>Osallistumismaksulasku l\u00e4hetet\u00e4\u00e4n ilmoittautumislomakkeella ilmoitettuun s\u00e4hk\u00f6postiosoitteeseen n. viikon sis\u00e4ll\u00e4 ilmoittautumisesta. Lasku tulee osoitteesta: invoicing@nocfo.io.<\/p>\n<p>Huom, ilmoittautuneet joukkueet eiv\u00e4t nouse automaattisesti ilmoittautuneet joukkueet -sivulle, vaan ne nostetaan sinne k\u00e4sittelyn j\u00e4lkeen kun ilmoittautuminen on kuitattu joukkueelle.<\/p>\n<p style=\"font-weight: 400;\"><strong>Palkinnot:<\/strong><br \/>Palkitsemme kaikkien sarjojen ensimm\u00e4iset kolme joukkuetta ja parhaat pelaajat, mutta emme jaa henkil\u00f6kohtaisia mitaleja.<\/p>\n<p style=\"font-weight: 400;\"><strong>Viimeinen ilmoittautumisp\u00e4iv\u00e4 on 8<\/strong><strong>.4.2026<\/strong><strong>.<\/strong><\/p>\n<p style=\"font-weight: 400;\">Tiedustelut:\u00a0<a href=\"mailto:toimisto@messukylantoverit.fi\">toimisto@messukylantoverit.fi<\/a> .<\/p>\n<p style=\"font-weight: 400;\">Tervetuloa Tampereelle!<\/p>\n<p><strong><span style=\"color: #ff0000;\">\u00a0<\/span><\/strong><\/p>\n<p style=\"font-weight: 400;\">Huomaathan my\u00f6s Facebook-sivumme! Tykk\u00e4\u00e4 ja saat n\u00e4in ajankohtaiset turnausuutiset my\u00f6s Facebook-virtaasi.<\/p>\n\n\n","protected":false},"excerpt":{"rendered":"<p>40. MesTo-turnaus j\u00e4rjestet\u00e4\u00e4n Tampereella 25.-26.4.2026 OTTELUOHJELMA\u00a0 Sarjat:Naiset B (sarjataso AM, kuntosarjat), max 15 joukkuetta\u00a0Naiset A (sarjataso 2-3 sarjat), max 10 joukkuettaMiehet (sarjataso 3-AM), max 15 joukkuetta Pelipaikat:Sarjojen pelipaikat vahvistetaan otteluohjelmien julkaisun yhteydess\u00e4! Otteluohjelmat pyrit\u00e4\u00e4n julkaisemaan n. 1,5 viikkoa ennen turnausta. Pelipaikat sijaitsevat Tampereen alueella esim. Hervanta, Kaleva, Kaukaj\u00e4rvi. Seura varaa &#8230;<\/p>\n","protected":false},"author":1,"featured_media":0,"parent":0,"menu_order":0,"comment_status":"closed","ping_status":"closed","template":"","meta":{"footnotes":""},"class_list":["post-2005","page","type-page","status-publish","hentry","column","twocol"],"_links":{"self":[{"href":"http:\/\/www.messukylantoverit.fi\/index.php?rest_route=\/wp\/v2\/pages\/2005","targetHints":{"allow":["GET"]}}],"collection":[{"href":"http:\/\/www.messukylantoverit.fi\/index.php?rest_route=\/wp\/v2\/pages"}],"about":[{"href":"http:\/\/www.messukylantoverit.fi\/index.php?rest_route=\/wp\/v2\/types\/page"}],"author":[{"embeddable":true,"href":"http:\/\/www.messukylantoverit.fi\/index.php?rest_route=\/wp\/v2\/users\/1"}],"replies":[{"embeddable":true,"href":"http:\/\/www.messukylantoverit.fi\/index.php?rest_route=%2Fwp%2Fv2%2Fcomments&post=2005"}],"version-history":[{"count":5,"href":"http:\/\/www.messukylantoverit.fi\/index.php?rest_route=\/wp\/v2\/pages\/2005\/revisions"}],"predecessor-version":[{"id":2060,"href":"http:\/\/www.messukylantoverit.fi\/index.php?rest_route=\/wp\/v2\/pages\/2005\/revisions\/2060"}],"wp:attachment":[{"href":"http:\/\/www.messukylantoverit.fi\/index.php?rest_route=%2Fwp%2Fv2%2Fmedia&parent=2005"}],"curies":[{"name":"wp","href":"https:\/\/api.w.org\/{rel}","templated":true}]}}