{"id":1957,"date":"2025-08-15T13:04:32","date_gmt":"2025-08-15T10:04:32","guid":{"rendered":"https:\/\/www.messukylantoverit.fi\/?page_id=1957"},"modified":"2025-10-07T19:15:34","modified_gmt":"2025-10-07T16:15:34","slug":"e-junnut","status":"publish","type":"page","link":"http:\/\/www.messukylantoverit.fi\/?page_id=1957","title":{"rendered":"E-junnut"},"content":{"rendered":"\n<p>E-junnut (2015-2016 syntyneet tyt\u00f6t ja pojat)<\/p>\n\n\n\n<ul class=\"wp-block-list\">\n<li>Kaukaj\u00e4rven vapaa-aikatalo, maanantaisin klo 17:00 &#8211; 18:30<\/li>\n\n\n\n<li>Takahuhdin koulu (A-talo), torstaisin klo 17:00 &#8211; 18:30<\/li>\n<\/ul>\n\n\n\n<p>Jos olet kiinnostunut ryhm\u00e4\u00e4n liittymisest\u00e4, olethan yhteydess\u00e4: Anna-Kaisa Hannula, puh. 040 731 9987.<\/p>\n\n\n\n<p>Syyskauden harjoitusten hinta 130\u20ac + j\u00e4senmaksu alle 15 vuotiailta 20\u20ac.<\/p>\n\n\n","protected":false},"excerpt":{"rendered":"<p>E-junnut (2015-2016 syntyneet tyt\u00f6t ja pojat) Jos olet kiinnostunut ryhm\u00e4\u00e4n liittymisest\u00e4, olethan yhteydess\u00e4: Anna-Kaisa Hannula, puh. 040 731 9987. Syyskauden harjoitusten hinta 130\u20ac + j\u00e4senmaksu alle 15 vuotiailta 20\u20ac.<\/p>\n","protected":false},"author":1,"featured_media":0,"parent":0,"menu_order":0,"comment_status":"closed","ping_status":"closed","template":"","meta":{"footnotes":""},"class_list":["post-1957","page","type-page","status-publish","hentry","column","twocol"],"_links":{"self":[{"href":"http:\/\/www.messukylantoverit.fi\/index.php?rest_route=\/wp\/v2\/pages\/1957","targetHints":{"allow":["GET"]}}],"collection":[{"href":"http:\/\/www.messukylantoverit.fi\/index.php?rest_route=\/wp\/v2\/pages"}],"about":[{"href":"http:\/\/www.messukylantoverit.fi\/index.php?rest_route=\/wp\/v2\/types\/page"}],"author":[{"embeddable":true,"href":"http:\/\/www.messukylantoverit.fi\/index.php?rest_route=\/wp\/v2\/users\/1"}],"replies":[{"embeddable":true,"href":"http:\/\/www.messukylantoverit.fi\/index.php?rest_route=%2Fwp%2Fv2%2Fcomments&post=1957"}],"version-history":[{"count":9,"href":"http:\/\/www.messukylantoverit.fi\/index.php?rest_route=\/wp\/v2\/pages\/1957\/revisions"}],"predecessor-version":[{"id":1994,"href":"http:\/\/www.messukylantoverit.fi\/index.php?rest_route=\/wp\/v2\/pages\/1957\/revisions\/1994"}],"wp:attachment":[{"href":"http:\/\/www.messukylantoverit.fi\/index.php?rest_route=%2Fwp%2Fv2%2Fmedia&parent=1957"}],"curies":[{"name":"wp","href":"https:\/\/api.w.org\/{rel}","templated":true}]}}