{"id":1943,"date":"2025-05-06T22:09:05","date_gmt":"2025-05-06T19:09:05","guid":{"rendered":"https:\/\/www.messukylantoverit.fi\/?page_id=1943"},"modified":"2025-05-06T22:09:05","modified_gmt":"2025-05-06T19:09:05","slug":"tulokset-2025","status":"publish","type":"page","link":"http:\/\/www.messukylantoverit.fi\/?page_id=1943","title":{"rendered":"Tulokset 2025"},"content":{"rendered":"\n<p>Miehet<\/p>\n<ol>\n<li>Marabello<\/li>\n<li>Topparit<\/li>\n<li>Er\u00e4 M1 Akatemia<\/li>\n<li>Ruskon Pullo<\/li>\n<li>Tammelan Ryske<\/li>\n<li>RKC-Volley<\/li>\n<li>Kamppiin Pist\u00e4ytyj\u00e4t<\/li>\n<li>Teuvan Rivakka<\/li>\n<li>Er\u00e4 M1<\/li>\n<li>Mirrit&amp;Kollit<\/li>\n<li>ME \u00c4ij\u00e4t<\/li>\n<\/ol>\n<p>Naiset A<\/p>\n<ol>\n<li>AitRi<\/li>\n<li>HiHaPeLi<\/li>\n<li>Mahti<\/li>\n<li>POSSET<\/li>\n<li>Lahjattomat Reenaa<\/li>\n<li>H\u00e4Le \/ Akat<\/li>\n<li>TaPy<\/li>\n<\/ol>\n<p>Naiset B<\/p>\n<ol>\n<li>#teamvalittajat<\/li>\n<li>MesTo<\/li>\n<li>Team Takak\u00e4si<\/li>\n<li>Hymy<\/li>\n<li>Revanssi<\/li>\n<li>TTLK<\/li>\n<li>Pinkit Minkit<\/li>\n<li>Dynamo<\/li>\n<li>Kouran Louhi<\/li>\n<li>Taikalis\u00e4<\/li>\n<li>LISSUT<\/li>\n<\/ol>\n","protected":false},"excerpt":{"rendered":"<p>Miehet Marabello Topparit Er\u00e4 M1 Akatemia Ruskon Pullo Tammelan Ryske RKC-Volley Kamppiin Pist\u00e4ytyj\u00e4t Teuvan Rivakka Er\u00e4 M1 Mirrit&amp;Kollit ME \u00c4ij\u00e4t Naiset A AitRi HiHaPeLi Mahti POSSET Lahjattomat Reenaa H\u00e4Le \/ Akat TaPy Naiset B #teamvalittajat MesTo Team Takak\u00e4si Hymy Revanssi TTLK Pinkit Minkit Dynamo Kouran Louhi Taikalis\u00e4 LISSUT<\/p>\n","protected":false},"author":1,"featured_media":0,"parent":0,"menu_order":0,"comment_status":"closed","ping_status":"closed","template":"","meta":{"footnotes":""},"class_list":["post-1943","page","type-page","status-publish","hentry","column","twocol"],"_links":{"self":[{"href":"http:\/\/www.messukylantoverit.fi\/index.php?rest_route=\/wp\/v2\/pages\/1943","targetHints":{"allow":["GET"]}}],"collection":[{"href":"http:\/\/www.messukylantoverit.fi\/index.php?rest_route=\/wp\/v2\/pages"}],"about":[{"href":"http:\/\/www.messukylantoverit.fi\/index.php?rest_route=\/wp\/v2\/types\/page"}],"author":[{"embeddable":true,"href":"http:\/\/www.messukylantoverit.fi\/index.php?rest_route=\/wp\/v2\/users\/1"}],"replies":[{"embeddable":true,"href":"http:\/\/www.messukylantoverit.fi\/index.php?rest_route=%2Fwp%2Fv2%2Fcomments&post=1943"}],"version-history":[{"count":1,"href":"http:\/\/www.messukylantoverit.fi\/index.php?rest_route=\/wp\/v2\/pages\/1943\/revisions"}],"predecessor-version":[{"id":1944,"href":"http:\/\/www.messukylantoverit.fi\/index.php?rest_route=\/wp\/v2\/pages\/1943\/revisions\/1944"}],"wp:attachment":[{"href":"http:\/\/www.messukylantoverit.fi\/index.php?rest_route=%2Fwp%2Fv2%2Fmedia&parent=1943"}],"curies":[{"name":"wp","href":"https:\/\/api.w.org\/{rel}","templated":true}]}}