{"id":1856,"date":"2025-01-06T20:16:14","date_gmt":"2025-01-06T18:16:14","guid":{"rendered":"https:\/\/www.messukylantoverit.fi\/?page_id=1856"},"modified":"2025-01-06T20:16:14","modified_gmt":"2025-01-06T18:16:14","slug":"tulokset-2024","status":"publish","type":"page","link":"http:\/\/www.messukylantoverit.fi\/?page_id=1856","title":{"rendered":"Tulokset 2024"},"content":{"rendered":"\n<p>Naiset A<\/p>\n<ol>\n<li>Kouran Louhi<\/li>\n<li>POSSET<\/li>\n<li>Sukat<\/li>\n<li>Rajatapaukset<\/li>\n<li>Tapyt<\/li>\n<li>Irtokarkit<\/li>\n<li>T\u00e4ret<\/li>\n<\/ol>\n<p>Naiset B<\/p>\n<ol>\n<li>Team Takak\u00e4si<\/li>\n<li>Kuumat Puumat<\/li>\n<li>MesTo<\/li>\n<li>Janet<\/li>\n<li>M.E.I.E<\/li>\n<li>Er\u00e4 N3 Revanssi<\/li>\n<li>TTLK<\/li>\n<li>RieMu<\/li>\n<li>Dynamo<\/li>\n<li>Hymy<\/li>\n<li>TJP<\/li>\n<li>Pinkit Minkit<\/li>\n<li>Lissut<\/li>\n<li>MiracleX<\/li>\n<li>Karvian Kiri<\/li>\n<\/ol>\n<p>Miehet<\/p>\n<ol>\n<li>Marabello<\/li>\n<li>Er\u00e4 4.0<\/li>\n<li>Teuvan Rivakka<\/li>\n<li>M.E.I.E<\/li>\n<li>Nelj\u00e4s Er\u00e4<\/li>\n<li>ESAD<\/li>\n<li>TTLK<\/li>\n<li>Er\u00e4 Me<\/li>\n<li>Etel\u00e4n Vetel\u00e4t<\/li>\n<\/ol>\n","protected":false},"excerpt":{"rendered":"<p>Naiset A Kouran Louhi POSSET Sukat Rajatapaukset Tapyt Irtokarkit T\u00e4ret Naiset B Team Takak\u00e4si Kuumat Puumat MesTo Janet M.E.I.E Er\u00e4 N3 Revanssi TTLK RieMu Dynamo Hymy TJP Pinkit Minkit Lissut MiracleX Karvian Kiri Miehet Marabello Er\u00e4 4.0 Teuvan Rivakka M.E.I.E Nelj\u00e4s Er\u00e4 ESAD TTLK Er\u00e4 Me Etel\u00e4n Vetel\u00e4t<\/p>\n","protected":false},"author":1,"featured_media":0,"parent":0,"menu_order":0,"comment_status":"closed","ping_status":"closed","template":"","meta":{"footnotes":""},"class_list":["post-1856","page","type-page","status-publish","hentry","column","twocol"],"_links":{"self":[{"href":"http:\/\/www.messukylantoverit.fi\/index.php?rest_route=\/wp\/v2\/pages\/1856","targetHints":{"allow":["GET"]}}],"collection":[{"href":"http:\/\/www.messukylantoverit.fi\/index.php?rest_route=\/wp\/v2\/pages"}],"about":[{"href":"http:\/\/www.messukylantoverit.fi\/index.php?rest_route=\/wp\/v2\/types\/page"}],"author":[{"embeddable":true,"href":"http:\/\/www.messukylantoverit.fi\/index.php?rest_route=\/wp\/v2\/users\/1"}],"replies":[{"embeddable":true,"href":"http:\/\/www.messukylantoverit.fi\/index.php?rest_route=%2Fwp%2Fv2%2Fcomments&post=1856"}],"version-history":[{"count":1,"href":"http:\/\/www.messukylantoverit.fi\/index.php?rest_route=\/wp\/v2\/pages\/1856\/revisions"}],"predecessor-version":[{"id":1857,"href":"http:\/\/www.messukylantoverit.fi\/index.php?rest_route=\/wp\/v2\/pages\/1856\/revisions\/1857"}],"wp:attachment":[{"href":"http:\/\/www.messukylantoverit.fi\/index.php?rest_route=%2Fwp%2Fv2%2Fmedia&parent=1856"}],"curies":[{"name":"wp","href":"https:\/\/api.w.org\/{rel}","templated":true}]}}