{"id":1715,"date":"2023-04-17T08:54:49","date_gmt":"2023-04-17T05:54:49","guid":{"rendered":"http:\/\/www.messukylantoverit.fi\/?page_id=1715"},"modified":"2023-04-17T08:55:06","modified_gmt":"2023-04-17T05:55:06","slug":"tulokset-2023","status":"publish","type":"page","link":"http:\/\/www.messukylantoverit.fi\/?page_id=1715","title":{"rendered":"Tulokset 2023"},"content":{"rendered":"\n<p>Naiset A<\/p>\n<ol>\n<li>Irtokarkit<\/li>\n<li>Er\u00e4 POSSET<\/li>\n<li>Risteilij\u00e4t<\/li>\n<li>Team Hoplaa<\/li>\n<li>TaPy TyPyt<\/li>\n<li>FinEst<\/li>\n<\/ol>\n<p>Naiset B<\/p>\n<ol>\n<li>Kuumat Puumat<\/li>\n<li>Janet<\/li>\n<li>MesTo<\/li>\n<li>Riemu<\/li>\n<li>Pinkit Minkit<\/li>\n<li>Er\u00e4 Femmat<\/li>\n<li>HYMY<\/li>\n<li>Er\u00e4Tauko<\/li>\n<li>EST Girls<\/li>\n<li>Kouran Louhi<\/li>\n<\/ol>\n<p>Miehet<\/p>\n<ol>\n<li>Marabello<\/li>\n<li>EST Volley<\/li>\n<li>Er\u00e4 4.0<\/li>\n<li>ME-\u00c4ij\u00e4t<\/li>\n<li>Teuvan Rivakka<\/li>\n<\/ol>\n","protected":false},"excerpt":{"rendered":"<p>Naiset A Irtokarkit Er\u00e4 POSSET Risteilij\u00e4t Team Hoplaa TaPy TyPyt FinEst Naiset B Kuumat Puumat Janet MesTo Riemu Pinkit Minkit Er\u00e4 Femmat HYMY Er\u00e4Tauko EST Girls Kouran Louhi Miehet Marabello EST Volley Er\u00e4 4.0 ME-\u00c4ij\u00e4t Teuvan Rivakka<\/p>\n","protected":false},"author":1,"featured_media":0,"parent":44,"menu_order":0,"comment_status":"closed","ping_status":"closed","template":"","meta":{"footnotes":""},"class_list":["post-1715","page","type-page","status-publish","hentry","column","twocol"],"_links":{"self":[{"href":"http:\/\/www.messukylantoverit.fi\/index.php?rest_route=\/wp\/v2\/pages\/1715","targetHints":{"allow":["GET"]}}],"collection":[{"href":"http:\/\/www.messukylantoverit.fi\/index.php?rest_route=\/wp\/v2\/pages"}],"about":[{"href":"http:\/\/www.messukylantoverit.fi\/index.php?rest_route=\/wp\/v2\/types\/page"}],"author":[{"embeddable":true,"href":"http:\/\/www.messukylantoverit.fi\/index.php?rest_route=\/wp\/v2\/users\/1"}],"replies":[{"embeddable":true,"href":"http:\/\/www.messukylantoverit.fi\/index.php?rest_route=%2Fwp%2Fv2%2Fcomments&post=1715"}],"version-history":[{"count":1,"href":"http:\/\/www.messukylantoverit.fi\/index.php?rest_route=\/wp\/v2\/pages\/1715\/revisions"}],"predecessor-version":[{"id":1716,"href":"http:\/\/www.messukylantoverit.fi\/index.php?rest_route=\/wp\/v2\/pages\/1715\/revisions\/1716"}],"up":[{"embeddable":true,"href":"http:\/\/www.messukylantoverit.fi\/index.php?rest_route=\/wp\/v2\/pages\/44"}],"wp:attachment":[{"href":"http:\/\/www.messukylantoverit.fi\/index.php?rest_route=%2Fwp%2Fv2%2Fmedia&parent=1715"}],"curies":[{"name":"wp","href":"https:\/\/api.w.org\/{rel}","templated":true}]}}