{"id":1633,"date":"2022-04-25T08:04:22","date_gmt":"2022-04-25T05:04:22","guid":{"rendered":"http:\/\/www.messukylantoverit.fi\/?page_id=1633"},"modified":"2022-04-25T08:04:22","modified_gmt":"2022-04-25T05:04:22","slug":"tulokset-2022","status":"publish","type":"page","link":"http:\/\/www.messukylantoverit.fi\/?page_id=1633","title":{"rendered":"Tulokset 2022"},"content":{"rendered":"\n<p><strong>Naiset<\/strong><\/p>\n<ol>\n<li>Kuumat Puumat<\/li>\n<li>Janet<\/li>\n<li>RNPJ<\/li>\n<li>Hymy<\/li>\n<li>KuKo<\/li>\n<li>Kouran Louhi<\/li>\n<li>Er\u00e4 Femmat<\/li>\n<li>Er\u00e4 NX<\/li>\n<li>Pah<\/li>\n<li>EstVolley<\/li>\n<\/ol>\n<p>\u00a0<\/p>\n<p><strong>Miehet<\/strong><\/p>\n<ol>\n<li>\u00a0Marabello<\/li>\n<li>Teuvan Rivakka<\/li>\n<li>VK MEIE<\/li>\n<li>Er\u00e4Lentis<\/li>\n<li>Tapanilan Er\u00e4 \u00c4ij\u00e4t<\/li>\n<\/ol>\n","protected":false},"excerpt":{"rendered":"<p>Naiset Kuumat Puumat Janet RNPJ Hymy KuKo Kouran Louhi Er\u00e4 Femmat Er\u00e4 NX Pah EstVolley \u00a0 Miehet \u00a0Marabello Teuvan Rivakka VK MEIE Er\u00e4Lentis Tapanilan Er\u00e4 \u00c4ij\u00e4t<\/p>\n","protected":false},"author":4,"featured_media":0,"parent":0,"menu_order":0,"comment_status":"closed","ping_status":"closed","template":"","meta":{"footnotes":""},"class_list":["post-1633","page","type-page","status-publish","hentry","column","twocol"],"_links":{"self":[{"href":"http:\/\/www.messukylantoverit.fi\/index.php?rest_route=\/wp\/v2\/pages\/1633","targetHints":{"allow":["GET"]}}],"collection":[{"href":"http:\/\/www.messukylantoverit.fi\/index.php?rest_route=\/wp\/v2\/pages"}],"about":[{"href":"http:\/\/www.messukylantoverit.fi\/index.php?rest_route=\/wp\/v2\/types\/page"}],"author":[{"embeddable":true,"href":"http:\/\/www.messukylantoverit.fi\/index.php?rest_route=\/wp\/v2\/users\/4"}],"replies":[{"embeddable":true,"href":"http:\/\/www.messukylantoverit.fi\/index.php?rest_route=%2Fwp%2Fv2%2Fcomments&post=1633"}],"version-history":[{"count":1,"href":"http:\/\/www.messukylantoverit.fi\/index.php?rest_route=\/wp\/v2\/pages\/1633\/revisions"}],"predecessor-version":[{"id":1634,"href":"http:\/\/www.messukylantoverit.fi\/index.php?rest_route=\/wp\/v2\/pages\/1633\/revisions\/1634"}],"wp:attachment":[{"href":"http:\/\/www.messukylantoverit.fi\/index.php?rest_route=%2Fwp%2Fv2%2Fmedia&parent=1633"}],"curies":[{"name":"wp","href":"https:\/\/api.w.org\/{rel}","templated":true}]}}