{"id":1623,"date":"2022-04-05T08:15:04","date_gmt":"2022-04-05T05:15:04","guid":{"rendered":"http:\/\/www.messukylantoverit.fi\/?page_id=1623"},"modified":"2025-08-16T09:26:59","modified_gmt":"2025-08-16T06:26:59","slug":"d-tytot","status":"publish","type":"page","link":"http:\/\/www.messukylantoverit.fi\/?page_id=1623","title":{"rendered":"C\/B-tyt\u00f6t"},"content":{"rendered":"\n<p>MesTossa harjoittelee kaudella 2025-2026 C\/B-tytt\u00f6jen lentopallojoukkue. Joukkue on tarkoitettu 2009-2012 syntyneille. Olemme aloittaneet harjoittelun viime kaudella, joten vasta-aloittajatkin ehtiv\u00e4t viel\u00e4 mukaan. Todenn\u00e4k\u00f6isesti pelaamme ryhm\u00e4ll\u00e4 B-ik\u00e4isten sarjaa t\u00e4ll\u00e4 kaudella. Tervetuloa mukaan!<\/p>\n<p>Lis\u00e4tietoja saat Johanna Siurolta, puh. 040 593 2080.<\/p>\n<p><strong>Harjoitukset<\/strong><\/p>\n<ul>\n<li><span class=\"OYPEnA font-feature-liga-off font-feature-clig-off font-feature-calt-off text-decoration-none text-strikethrough-none\">Kaukaj\u00e4rven vapaa-aikatalo, maanantaisin klo 17-18.30<\/span><\/li>\n<li><span class=\"OYPEnA font-feature-liga-off font-feature-clig-off font-feature-calt-off text-decoration-none text-strikethrough-none\">Linnainmaan koulun vanha puoli, tiistaisin klo 17-18.30<\/span><\/li>\n<li class=\"cvGsUA direction-ltr align-start para-style-body\"><span class=\"OYPEnA font-feature-liga-off font-feature-clig-off font-feature-calt-off text-decoration-none text-strikethrough-none\">Linnainmaan koulun vanha puoli, perjantaisin klo 17-18.30<\/span><\/li>\n<li class=\"cvGsUA direction-ltr align-start para-style-body\"><span class=\"OYPEnA font-feature-liga-off font-feature-clig-off font-feature-calt-off text-decoration-none text-strikethrough-none\">Alkaen ma 18.8.2025.<\/span><\/li>\n<\/ul>\n<p>Ilmottaudu mukaan <a href=\"https:\/\/messukylantoverit.myclub.fi\/flow\/events\" target=\"_blank\" rel=\"noopener\">MyClubin<\/a> kautta.<\/p>\n<p>\u00a0<\/p>\n","protected":false},"excerpt":{"rendered":"<p>MesTossa harjoittelee kaudella 2025-2026 C\/B-tytt\u00f6jen lentopallojoukkue. Joukkue on tarkoitettu 2009-2012 syntyneille. Olemme aloittaneet harjoittelun viime kaudella, joten vasta-aloittajatkin ehtiv\u00e4t viel\u00e4 mukaan. Todenn\u00e4k\u00f6isesti pelaamme ryhm\u00e4ll\u00e4 B-ik\u00e4isten sarjaa t\u00e4ll\u00e4 kaudella. Tervetuloa mukaan! Lis\u00e4tietoja saat Johanna Siurolta, puh. 040 593 2080. Harjoitukset Kaukaj\u00e4rven vapaa-aikatalo, maanantaisin klo 17-18.30 Linnainmaan koulun vanha puoli, tiistaisin klo &#8230;<\/p>\n","protected":false},"author":1,"featured_media":0,"parent":0,"menu_order":0,"comment_status":"closed","ping_status":"closed","template":"","meta":{"footnotes":""},"class_list":["post-1623","page","type-page","status-publish","hentry","column","twocol"],"_links":{"self":[{"href":"http:\/\/www.messukylantoverit.fi\/index.php?rest_route=\/wp\/v2\/pages\/1623","targetHints":{"allow":["GET"]}}],"collection":[{"href":"http:\/\/www.messukylantoverit.fi\/index.php?rest_route=\/wp\/v2\/pages"}],"about":[{"href":"http:\/\/www.messukylantoverit.fi\/index.php?rest_route=\/wp\/v2\/types\/page"}],"author":[{"embeddable":true,"href":"http:\/\/www.messukylantoverit.fi\/index.php?rest_route=\/wp\/v2\/users\/1"}],"replies":[{"embeddable":true,"href":"http:\/\/www.messukylantoverit.fi\/index.php?rest_route=%2Fwp%2Fv2%2Fcomments&post=1623"}],"version-history":[{"count":9,"href":"http:\/\/www.messukylantoverit.fi\/index.php?rest_route=\/wp\/v2\/pages\/1623\/revisions"}],"predecessor-version":[{"id":1987,"href":"http:\/\/www.messukylantoverit.fi\/index.php?rest_route=\/wp\/v2\/pages\/1623\/revisions\/1987"}],"wp:attachment":[{"href":"http:\/\/www.messukylantoverit.fi\/index.php?rest_route=%2Fwp%2Fv2%2Fmedia&parent=1623"}],"curies":[{"name":"wp","href":"https:\/\/api.w.org\/{rel}","templated":true}]}}