{"id":102,"date":"2013-06-27T20:54:58","date_gmt":"2013-06-27T17:54:58","guid":{"rendered":"http:\/\/www.messukylantoverit.fi\/?page_id=102"},"modified":"2013-11-12T10:24:06","modified_gmt":"2013-11-12T08:24:06","slug":"mesto-turnauksien-tulokset","status":"publish","type":"page","link":"http:\/\/www.messukylantoverit.fi\/?page_id=102","title":{"rendered":"Tulokset 2013"},"content":{"rendered":"<p><strong>Vuoden 2013 Mesto-turnauksen tulokset.<\/strong><\/p>\n<div id=\"NewsPostDetailCategory\"><\/div>\n<div id=\"NewsPostDetailContent\">\n<p><strong>NAISET A<\/strong><\/p>\n<p>1. SvoBo<br \/>\n2. Hevisaurus<br \/>\n3. Kaarinan Ura<br \/>\n4. Er\u00e4n Fresco<br \/>\n5. Wartti<br \/>\n6. Er\u00e4 N1<br \/>\n7. Maskun Kataja<br \/>\n8. T\u00f6\u00f6l\u00f6n Vesa<br \/>\n9. AikaKantturat<br \/>\n10. JoLePa<\/p>\n<p><strong>NAISET B<\/strong><\/p>\n<p>1. Valpas<br \/>\n2. T\u00f6Ve<br \/>\n3. LaKo<br \/>\n4. Zekit<br \/>\n5. LieKi<br \/>\n6. TuUL<br \/>\n7. Retrot<br \/>\n8. Er\u00e4 N2<br \/>\n9. KoLo<br \/>\n10. Er\u00e44<br \/>\n11. \u00c4TT<\/p>\n<p><strong>MIEHET<\/strong><\/p>\n<p>1. PePa<br \/>\n2. KaLePa<br \/>\n3. MOU<br \/>\n4. Ryysyranta<br \/>\n5. Ki-Ju<br \/>\n6. SUM<br \/>\n7. KaWi<br \/>\n8. Nalle<br \/>\n9. Er\u00e4 3<br \/>\n10. AitRi<br \/>\n11. SalSa<br \/>\n12. IU<br \/>\n13. Er\u00e4 Pilsu<br \/>\n14. Kauhajoen Karhu<br \/>\n15. Er\u00e4 M2<br \/>\n16. Er\u00e4 M4<br \/>\n&#8211; Nurmon Jymy<br \/>\n&#8211; Smash<\/p>\n<\/div>\n","protected":false},"excerpt":{"rendered":"<p>Vuoden 2013 Mesto-turnauksen tulokset. NAISET A 1. SvoBo 2. Hevisaurus 3. Kaarinan Ura 4. Er\u00e4n Fresco 5. Wartti 6. Er\u00e4 N1 7. Maskun Kataja 8. T\u00f6\u00f6l\u00f6n Vesa 9. AikaKantturat 10. JoLePa NAISET B 1. Valpas 2. T\u00f6Ve 3. LaKo 4. Zekit 5. LieKi 6. TuUL 7. Retrot 8. Er\u00e4 N2 &#8230;<\/p>\n","protected":false},"author":1,"featured_media":0,"parent":44,"menu_order":0,"comment_status":"closed","ping_status":"open","template":"","meta":{"footnotes":""},"class_list":["post-102","page","type-page","status-publish","hentry","column","twocol"],"_links":{"self":[{"href":"http:\/\/www.messukylantoverit.fi\/index.php?rest_route=\/wp\/v2\/pages\/102","targetHints":{"allow":["GET"]}}],"collection":[{"href":"http:\/\/www.messukylantoverit.fi\/index.php?rest_route=\/wp\/v2\/pages"}],"about":[{"href":"http:\/\/www.messukylantoverit.fi\/index.php?rest_route=\/wp\/v2\/types\/page"}],"author":[{"embeddable":true,"href":"http:\/\/www.messukylantoverit.fi\/index.php?rest_route=\/wp\/v2\/users\/1"}],"replies":[{"embeddable":true,"href":"http:\/\/www.messukylantoverit.fi\/index.php?rest_route=%2Fwp%2Fv2%2Fcomments&post=102"}],"version-history":[{"count":8,"href":"http:\/\/www.messukylantoverit.fi\/index.php?rest_route=\/wp\/v2\/pages\/102\/revisions"}],"predecessor-version":[{"id":260,"href":"http:\/\/www.messukylantoverit.fi\/index.php?rest_route=\/wp\/v2\/pages\/102\/revisions\/260"}],"up":[{"embeddable":true,"href":"http:\/\/www.messukylantoverit.fi\/index.php?rest_route=\/wp\/v2\/pages\/44"}],"wp:attachment":[{"href":"http:\/\/www.messukylantoverit.fi\/index.php?rest_route=%2Fwp%2Fv2%2Fmedia&parent=102"}],"curies":[{"name":"wp","href":"https:\/\/api.w.org\/{rel}","templated":true}]}}