{"id":1012,"date":"2018-04-22T16:37:37","date_gmt":"2018-04-22T13:37:37","guid":{"rendered":"http:\/\/www.messukylantoverit.fi\/?page_id=1012"},"modified":"2018-04-23T14:27:36","modified_gmt":"2018-04-23T11:27:36","slug":"tulokset-2018","status":"publish","type":"page","link":"http:\/\/www.messukylantoverit.fi\/?page_id=1012","title":{"rendered":"Tulokset 2018"},"content":{"rendered":"<p><strong>Naiset A<\/strong><br \/>\n1. Tapanilan Er\u00e4 N1<br \/>\n2. Tiput<br \/>\n3. Tapanilan Er\u00e4 N2<br \/>\n4. VanLe N1<br \/>\n5. KaLe<br \/>\n6. Angels<br \/>\n7. Team Morgan<\/p>\n<p><strong>Naiset B<\/strong><br \/>\n1. Kovettaret<br \/>\n2. MuPa<br \/>\n3. KoLo<br \/>\n4. T\u00f6Ve<br \/>\n5. HYMY<br \/>\n6. YPA<br \/>\n7. LoL<br \/>\n8. LieKi<br \/>\n9. LaPo<br \/>\n10. Femmat<br \/>\n11. H\u00f6n\u00f6t<br \/>\n12. A-Volley<br \/>\n13. MesTo<br \/>\n14. Maukas<br \/>\n15. Pirkat<\/p>\n<p><strong>Miehet<\/strong><br \/>\n1. Wisa<br \/>\n2. SU-M<br \/>\n3. Marabello<br \/>\n4. TeRi<br \/>\n5. NaVo<br \/>\n6. RAUS<br \/>\n7. Karhu<br \/>\n8. Evolution<br \/>\n9. Er\u00e4s ME<br \/>\n10. Ter\u00e4s Er\u00e4<\/p>\n","protected":false},"excerpt":{"rendered":"<p>Naiset A 1. Tapanilan Er\u00e4 N1 2. Tiput 3. Tapanilan Er\u00e4 N2 4. VanLe N1 5. KaLe 6. Angels 7. Team Morgan Naiset B 1. Kovettaret 2. MuPa 3. KoLo 4. T\u00f6Ve 5. HYMY 6. YPA 7. LoL 8. LieKi 9. LaPo 10. Femmat 11. H\u00f6n\u00f6t 12. A-Volley 13. MesTo &#8230;<\/p>\n","protected":false},"author":1,"featured_media":0,"parent":44,"menu_order":0,"comment_status":"closed","ping_status":"closed","template":"","meta":{"footnotes":""},"class_list":["post-1012","page","type-page","status-publish","hentry","column","twocol"],"_links":{"self":[{"href":"http:\/\/www.messukylantoverit.fi\/index.php?rest_route=\/wp\/v2\/pages\/1012","targetHints":{"allow":["GET"]}}],"collection":[{"href":"http:\/\/www.messukylantoverit.fi\/index.php?rest_route=\/wp\/v2\/pages"}],"about":[{"href":"http:\/\/www.messukylantoverit.fi\/index.php?rest_route=\/wp\/v2\/types\/page"}],"author":[{"embeddable":true,"href":"http:\/\/www.messukylantoverit.fi\/index.php?rest_route=\/wp\/v2\/users\/1"}],"replies":[{"embeddable":true,"href":"http:\/\/www.messukylantoverit.fi\/index.php?rest_route=%2Fwp%2Fv2%2Fcomments&post=1012"}],"version-history":[{"count":4,"href":"http:\/\/www.messukylantoverit.fi\/index.php?rest_route=\/wp\/v2\/pages\/1012\/revisions"}],"predecessor-version":[{"id":1022,"href":"http:\/\/www.messukylantoverit.fi\/index.php?rest_route=\/wp\/v2\/pages\/1012\/revisions\/1022"}],"up":[{"embeddable":true,"href":"http:\/\/www.messukylantoverit.fi\/index.php?rest_route=\/wp\/v2\/pages\/44"}],"wp:attachment":[{"href":"http:\/\/www.messukylantoverit.fi\/index.php?rest_route=%2Fwp%2Fv2%2Fmedia&parent=1012"}],"curies":[{"name":"wp","href":"https:\/\/api.w.org\/{rel}","templated":true}]}}